{"id":3027,"date":"2022-05-06T01:54:46","date_gmt":"2022-05-06T00:54:46","guid":{"rendered":"https:\/\/gourmetlandtenerife.com\/?page_id=3027"},"modified":"2023-11-23T11:35:20","modified_gmt":"2023-11-23T10:35:20","slug":"jobs","status":"publish","type":"page","link":"https:\/\/gourmetlandtenerife.com\/en\/jobs\/","title":{"rendered":"Jobs"},"content":{"rendered":"\t\t<div data-elementor-type=\"wp-page\" data-elementor-id=\"3027\" class=\"elementor elementor-3027 elementor-354\" data-elementor-post-type=\"page\">\n\t\t\t\t\t\t\t\t\t<section class=\"elementor-section elementor-top-section elementor-element elementor-element-67a2300 elementor-section-boxed elementor-section-height-default elementor-section-height-default\" data-id=\"67a2300\" data-element_type=\"section\">\n\t\t\t\t\t\t<div class=\"elementor-container elementor-column-gap-default\">\n\t\t\t\t\t<div class=\"elementor-column elementor-col-100 elementor-top-column elementor-element elementor-element-b6cf796\" data-id=\"b6cf796\" data-element_type=\"column\">\n\t\t\t<div class=\"elementor-widget-wrap elementor-element-populated\">\n\t\t\t\t\t\t\t\t<div class=\"elementor-element elementor-element-211d6e8 elementor-widget elementor-widget-listeo-headline\" data-id=\"211d6e8\" data-element_type=\"widget\" data-widget_type=\"listeo-headline.default\">\n\t\t\t\t<div class=\"elementor-widget-container\">\n\t\t\t\t\t<h3 \n\t\tstyle=\"text-align:center;\" class=\"headline  headline-aligned-to-center headline-extra-spacing headline-box \"> Work with us <\/h3>\n\t\t\t\t<\/div>\n\t\t\t\t<\/div>\n\t\t\t\t<div class=\"elementor-element elementor-element-6a944c5 elementor-widget elementor-widget-text-editor\" data-id=\"6a944c5\" data-element_type=\"widget\" data-widget_type=\"text-editor.default\">\n\t\t\t\t<div class=\"elementor-widget-container\">\n\t\t\t\t\t\t\t<p>Welcome to the GOURMETLAND Careers page, a place to find out about the latest job offers and the value that the company places on the people who make up its team. A team full of talent, focused on excellence and giving the best to its customers.<\/p><p>The employee at GOURMETLAND is a very valuable asset. Our aim is to have a staff committed to service excellence, highly motivated and aligned with the company&#8217;s vision in order to achieve the objectives of the common project. What GOURMETLAND is today is the result of the ideas and efforts of everyone: a team full of talent.<\/p><p>El trabajador en GOURMETLAND es un activo muy valioso. Tenemos como objetivo disponer de una plantilla comprometida con la excelencia en el servicio, altamente motivada y alineada con la visi\u00f3n de la compa\u00f1\u00eda para lograr los objetivos del proyecto com\u00fan. Lo que hoy es GOURMETLAND es el resultado de las ideas y el esfuerzo de todos: un equipo repleto de Talento.<\/p>\t\t\t\t\t\t<\/div>\n\t\t\t\t<\/div>\n\t\t\t\t<section class=\"elementor-section elementor-inner-section elementor-element elementor-element-e090f09 elementor-section-boxed elementor-section-height-default elementor-section-height-default\" data-id=\"e090f09\" data-element_type=\"section\">\n\t\t\t\t\t\t<div class=\"elementor-container elementor-column-gap-default\">\n\t\t\t\t\t<div class=\"elementor-column elementor-col-50 elementor-inner-column elementor-element elementor-element-1dfdf77\" data-id=\"1dfdf77\" data-element_type=\"column\">\n\t\t\t<div class=\"elementor-widget-wrap elementor-element-populated\">\n\t\t\t\t\t\t\t\t<div class=\"elementor-element elementor-element-9e23fde elementor-widget elementor-widget-text-editor\" data-id=\"9e23fde\" data-element_type=\"widget\" data-widget_type=\"text-editor.default\">\n\t\t\t\t<div class=\"elementor-widget-container\">\n\t\t\t\t\t\t\t<div class=\"wpb_column vc_column_container vc_col-sm-6\"><div class=\"vc_column-inner\"><div class=\"wpb_wrapper\"><div class=\"wpb_text_column wpb_content_element \"><div class=\"wpb_wrapper\"><blockquote><p>You can send your CV to <a id=\"comp-k50vhtl0link\" class=\"b3link\" href=\"mailto:recursoshumanos@revyrod.es\" rel=\"noopener noreferrer\" data-content=\"info@gourmetland.net\" data-type=\"mail\"><span id=\"comp-k50vhtl0label\" class=\"b3label\">recursoshumanos@revyrod.es<\/span><\/a><\/p><\/blockquote><\/div><\/div><\/div><\/div><\/div><div class=\"wpb_column vc_column_container vc_col-sm-6\"><div class=\"vc_column-inner vc_custom_1581042357969\"><div class=\"wpb_wrapper\"><div class=\"ubtn-ctn-center uploadcv custom-ult-modal overlay-show\" data-class-id=\"content-62781ff86b0994-49381372\" data-overlay-class=\"overlay-fade\" data-keypress-control=\"keypress-control-enable\" data-overlay-control=\"overlay-control-enable\">\u00a0<\/div><\/div><\/div><\/div>\t\t\t\t\t\t<\/div>\n\t\t\t\t<\/div>\n\t\t\t\t\t<\/div>\n\t\t<\/div>\n\t\t\t\t<div class=\"elementor-column elementor-col-50 elementor-inner-column elementor-element elementor-element-3bc003b\" data-id=\"3bc003b\" data-element_type=\"column\">\n\t\t\t<div class=\"elementor-widget-wrap\">\n\t\t\t\t\t\t\t\t\t<\/div>\n\t\t<\/div>\n\t\t\t\t\t\t\t<\/div>\n\t\t<\/section>\n\t\t\t\t\t<\/div>\n\t\t<\/div>\n\t\t\t\t\t\t\t<\/div>\n\t\t<\/section>\n\t\t\t\t\t\t\t<\/div>\n\t\t","protected":false},"excerpt":{"rendered":"<p>Work with us Welcome to the GOURMETLAND Careers page, a place to find out about the latest job offers and the value that the company places on the people who make up its team. A team full of talent, focused on excellence and giving the best to its customers. The employee at GOURMETLAND is a [&hellip;]<\/p>\n","protected":false},"author":95866144,"featured_media":0,"parent":0,"menu_order":0,"comment_status":"closed","ping_status":"closed","template":"","meta":{"footnotes":""},"class_list":["post-3027","page","type-page","status-publish","hentry"],"better_featured_image":null,"yoast_head":"<!-- This site is optimized with the Yoast SEO Premium plugin v19.3 (Yoast SEO v22.3) - https:\/\/yoast.com\/wordpress\/plugins\/seo\/ -->\n<title>Jobs - Gourmetland Tenerife<\/title>\n<meta name=\"robots\" content=\"index, follow, max-snippet:-1, max-image-preview:large, max-video-preview:-1\" \/>\n<link rel=\"canonical\" href=\"https:\/\/gourmetlandtenerife.com\/en\/jobs\/\" \/>\n<meta property=\"og:locale\" content=\"en_US\" \/>\n<meta property=\"og:type\" content=\"article\" \/>\n<meta property=\"og:title\" content=\"Jobs\" \/>\n<meta property=\"og:description\" content=\"Work with us Welcome to the GOURMETLAND Careers page, a place to find out about the latest job offers and the value that the company places on the people who make up its team. A team full of talent, focused on excellence and giving the best to its customers. The employee at GOURMETLAND is a [&hellip;]\" \/>\n<meta property=\"og:url\" content=\"https:\/\/gourmetlandtenerife.com\/en\/jobs\/\" \/>\n<meta property=\"og:site_name\" content=\"Gourmetland Tenerife\" \/>\n<meta property=\"article:publisher\" content=\"https:\/\/www.facebook.com\/grupogourmetland\/\" \/>\n<meta property=\"article:modified_time\" content=\"2023-11-23T10:35:20+00:00\" \/>\n<meta name=\"twitter:card\" content=\"summary_large_image\" \/>\n<meta name=\"twitter:label1\" content=\"Est. reading time\" \/>\n\t<meta name=\"twitter:data1\" content=\"1 minute\" \/>\n<script type=\"application\/ld+json\" class=\"yoast-schema-graph\">{\"@context\":\"https:\/\/schema.org\",\"@graph\":[{\"@type\":\"WebPage\",\"@id\":\"https:\/\/gourmetlandtenerife.com\/en\/jobs\/\",\"url\":\"https:\/\/gourmetlandtenerife.com\/en\/jobs\/\",\"name\":\"Jobs - Gourmetland Tenerife\",\"isPartOf\":{\"@id\":\"https:\/\/gourmetlandtenerife.com\/en\/#website\"},\"datePublished\":\"2022-05-06T00:54:46+00:00\",\"dateModified\":\"2023-11-23T10:35:20+00:00\",\"breadcrumb\":{\"@id\":\"https:\/\/gourmetlandtenerife.com\/en\/jobs\/#breadcrumb\"},\"inLanguage\":\"en-US\",\"potentialAction\":[{\"@type\":\"ReadAction\",\"target\":[\"https:\/\/gourmetlandtenerife.com\/en\/jobs\/\"]}]},{\"@type\":\"BreadcrumbList\",\"@id\":\"https:\/\/gourmetlandtenerife.com\/en\/jobs\/#breadcrumb\",\"itemListElement\":[{\"@type\":\"ListItem\",\"position\":1,\"name\":\"Home\",\"item\":\"https:\/\/gourmetlandtenerife.com\/en\/\"},{\"@type\":\"ListItem\",\"position\":2,\"name\":\"Jobs\"}]},{\"@type\":\"WebSite\",\"@id\":\"https:\/\/gourmetlandtenerife.com\/en\/#website\",\"url\":\"https:\/\/gourmetlandtenerife.com\/en\/\",\"name\":\"Gourmetland Tenerife\",\"description\":\"Experiencias gastron\u00f3micas en Tenerife\",\"publisher\":{\"@id\":\"https:\/\/gourmetlandtenerife.com\/en\/#organization\"},\"potentialAction\":[{\"@type\":\"SearchAction\",\"target\":{\"@type\":\"EntryPoint\",\"urlTemplate\":\"https:\/\/gourmetlandtenerife.com\/en\/?s={search_term_string}\"},\"query-input\":\"required name=search_term_string\"}],\"inLanguage\":\"en-US\"},{\"@type\":[\"Organization\",\"Place\",\"Restaurant\"],\"@id\":\"https:\/\/gourmetlandtenerife.com\/en\/#organization\",\"name\":\"Gourmetland Tenerife\",\"url\":\"https:\/\/gourmetlandtenerife.com\/en\/\",\"logo\":{\"@id\":\"https:\/\/gourmetlandtenerife.com\/en\/jobs\/#local-main-organization-logo\"},\"image\":{\"@id\":\"https:\/\/gourmetlandtenerife.com\/en\/jobs\/#local-main-organization-logo\"},\"sameAs\":[\"https:\/\/www.facebook.com\/grupogourmetland\/\",\"https:\/\/www.instagram.com\/gourmetlandtenerife\/\"],\"telephone\":[\"+34 922 798 489\"],\"contactPoint\":{\"@type\":\"ContactPoint\",\"telephone\":\"+34 922 798 489\",\"email\":\"marketing@gourmetlandtenerife.com\"},\"openingHoursSpecification\":[{\"@type\":\"OpeningHoursSpecification\",\"dayOfWeek\":[\"Monday\",\"Tuesday\",\"Wednesday\",\"Thursday\",\"Friday\",\"Saturday\",\"Sunday\"],\"opens\":\"09:00\",\"closes\":\"17:00\"}],\"email\":\"marketing@gourmetlandtenerife.com\",\"areaServed\":\"Tenerife\"},{\"@type\":\"ImageObject\",\"inLanguage\":\"en-US\",\"@id\":\"https:\/\/gourmetlandtenerife.com\/en\/jobs\/#local-main-organization-logo\",\"url\":\"https:\/\/gourmetlandtenerife.com\/wp-content\/uploads\/2022\/05\/Logo-gourmetland-redondo-fondo-blanco-2.png\",\"contentUrl\":\"https:\/\/gourmetlandtenerife.com\/wp-content\/uploads\/2022\/05\/Logo-gourmetland-redondo-fondo-blanco-2.png\",\"width\":3079,\"height\":3079,\"caption\":\"Gourmetland Tenerife\"}]}<\/script>\n<meta name=\"geo.placename\" content=\"Santa Cruz de Tenerife\" \/>\n<meta name=\"geo.region\" content=\"Spain\" \/>\n<!-- \/ Yoast SEO Premium plugin. -->","yoast_head_json":{"title":"Jobs - Gourmetland Tenerife","robots":{"index":"index","follow":"follow","max-snippet":"max-snippet:-1","max-image-preview":"max-image-preview:large","max-video-preview":"max-video-preview:-1"},"canonical":"https:\/\/gourmetlandtenerife.com\/en\/jobs\/","og_locale":"en_US","og_type":"article","og_title":"Jobs","og_description":"Work with us Welcome to the GOURMETLAND Careers page, a place to find out about the latest job offers and the value that the company places on the people who make up its team. A team full of talent, focused on excellence and giving the best to its customers. The employee at GOURMETLAND is a [&hellip;]","og_url":"https:\/\/gourmetlandtenerife.com\/en\/jobs\/","og_site_name":"Gourmetland Tenerife","article_publisher":"https:\/\/www.facebook.com\/grupogourmetland\/","article_modified_time":"2023-11-23T10:35:20+00:00","twitter_card":"summary_large_image","twitter_misc":{"Est. reading time":"1 minute"},"schema":{"@context":"https:\/\/schema.org","@graph":[{"@type":"WebPage","@id":"https:\/\/gourmetlandtenerife.com\/en\/jobs\/","url":"https:\/\/gourmetlandtenerife.com\/en\/jobs\/","name":"Jobs - Gourmetland Tenerife","isPartOf":{"@id":"https:\/\/gourmetlandtenerife.com\/en\/#website"},"datePublished":"2022-05-06T00:54:46+00:00","dateModified":"2023-11-23T10:35:20+00:00","breadcrumb":{"@id":"https:\/\/gourmetlandtenerife.com\/en\/jobs\/#breadcrumb"},"inLanguage":"en-US","potentialAction":[{"@type":"ReadAction","target":["https:\/\/gourmetlandtenerife.com\/en\/jobs\/"]}]},{"@type":"BreadcrumbList","@id":"https:\/\/gourmetlandtenerife.com\/en\/jobs\/#breadcrumb","itemListElement":[{"@type":"ListItem","position":1,"name":"Home","item":"https:\/\/gourmetlandtenerife.com\/en\/"},{"@type":"ListItem","position":2,"name":"Jobs"}]},{"@type":"WebSite","@id":"https:\/\/gourmetlandtenerife.com\/en\/#website","url":"https:\/\/gourmetlandtenerife.com\/en\/","name":"Gourmetland Tenerife","description":"Experiencias gastron\u00f3micas en Tenerife","publisher":{"@id":"https:\/\/gourmetlandtenerife.com\/en\/#organization"},"potentialAction":[{"@type":"SearchAction","target":{"@type":"EntryPoint","urlTemplate":"https:\/\/gourmetlandtenerife.com\/en\/?s={search_term_string}"},"query-input":"required name=search_term_string"}],"inLanguage":"en-US"},{"@type":["Organization","Place","Restaurant"],"@id":"https:\/\/gourmetlandtenerife.com\/en\/#organization","name":"Gourmetland Tenerife","url":"https:\/\/gourmetlandtenerife.com\/en\/","logo":{"@id":"https:\/\/gourmetlandtenerife.com\/en\/jobs\/#local-main-organization-logo"},"image":{"@id":"https:\/\/gourmetlandtenerife.com\/en\/jobs\/#local-main-organization-logo"},"sameAs":["https:\/\/www.facebook.com\/grupogourmetland\/","https:\/\/www.instagram.com\/gourmetlandtenerife\/"],"telephone":["+34 922 798 489"],"contactPoint":{"@type":"ContactPoint","telephone":"+34 922 798 489","email":"marketing@gourmetlandtenerife.com"},"openingHoursSpecification":[{"@type":"OpeningHoursSpecification","dayOfWeek":["Monday","Tuesday","Wednesday","Thursday","Friday","Saturday","Sunday"],"opens":"09:00","closes":"17:00"}],"email":"marketing@gourmetlandtenerife.com","areaServed":"Tenerife"},{"@type":"ImageObject","inLanguage":"en-US","@id":"https:\/\/gourmetlandtenerife.com\/en\/jobs\/#local-main-organization-logo","url":"https:\/\/gourmetlandtenerife.com\/wp-content\/uploads\/2022\/05\/Logo-gourmetland-redondo-fondo-blanco-2.png","contentUrl":"https:\/\/gourmetlandtenerife.com\/wp-content\/uploads\/2022\/05\/Logo-gourmetland-redondo-fondo-blanco-2.png","width":3079,"height":3079,"caption":"Gourmetland Tenerife"}]},"geo.placename":"Santa Cruz de Tenerife","geo.region":"Spain"},"pure_taxonomies":[],"_links":{"self":[{"href":"https:\/\/gourmetlandtenerife.com\/en\/wp-json\/wp\/v2\/pages\/3027","targetHints":{"allow":["GET"]}}],"collection":[{"href":"https:\/\/gourmetlandtenerife.com\/en\/wp-json\/wp\/v2\/pages"}],"about":[{"href":"https:\/\/gourmetlandtenerife.com\/en\/wp-json\/wp\/v2\/types\/page"}],"author":[{"embeddable":true,"href":"https:\/\/gourmetlandtenerife.com\/en\/wp-json\/wp\/v2\/users\/95866144"}],"replies":[{"embeddable":true,"href":"https:\/\/gourmetlandtenerife.com\/en\/wp-json\/wp\/v2\/comments?post=3027"}],"version-history":[{"count":0,"href":"https:\/\/gourmetlandtenerife.com\/en\/wp-json\/wp\/v2\/pages\/3027\/revisions"}],"wp:attachment":[{"href":"https:\/\/gourmetlandtenerife.com\/en\/wp-json\/wp\/v2\/media?parent=3027"}],"curies":[{"name":"wp","href":"https:\/\/api.w.org\/{rel}","templated":true}]}}