{"id":3265,"date":"2022-05-06T01:54:46","date_gmt":"2022-05-06T00:54:46","guid":{"rendered":"https:\/\/gourmetlandtenerife.com\/?page_id=3265"},"modified":"2023-11-23T15:45:04","modified_gmt":"2023-11-23T14:45:04","slug":"emploi","status":"publish","type":"page","link":"https:\/\/gourmetlandtenerife.com\/fr\/emploi\/","title":{"rendered":"Emploi"},"content":{"rendered":"\t\t<div data-elementor-type=\"wp-page\" data-elementor-id=\"3265\" class=\"elementor elementor-3265 elementor-354\" data-elementor-post-type=\"page\">\n\t\t\t\t\t\t\t\t\t<section class=\"elementor-section elementor-top-section elementor-element elementor-element-67a2300 elementor-section-boxed elementor-section-height-default elementor-section-height-default\" data-id=\"67a2300\" data-element_type=\"section\">\n\t\t\t\t\t\t<div class=\"elementor-container elementor-column-gap-default\">\n\t\t\t\t\t<div class=\"elementor-column elementor-col-100 elementor-top-column elementor-element elementor-element-b6cf796\" data-id=\"b6cf796\" data-element_type=\"column\">\n\t\t\t<div class=\"elementor-widget-wrap elementor-element-populated\">\n\t\t\t\t\t\t\t\t<div class=\"elementor-element elementor-element-211d6e8 elementor-widget elementor-widget-listeo-headline\" data-id=\"211d6e8\" data-element_type=\"widget\" data-widget_type=\"listeo-headline.default\">\n\t\t\t\t<div class=\"elementor-widget-container\">\n\t\t\t\t\t<h3 \n\t\tstyle=\"text-align:center;\" class=\"headline  headline-aligned-to-center headline-extra-spacing headline-box \"> Travailler avec nous <\/h3>\n\t\t\t\t<\/div>\n\t\t\t\t<\/div>\n\t\t\t\t<div class=\"elementor-element elementor-element-6a944c5 elementor-widget elementor-widget-text-editor\" data-id=\"6a944c5\" data-element_type=\"widget\" data-widget_type=\"text-editor.default\">\n\t\t\t\t<div class=\"elementor-widget-container\">\n\t\t\t\t\t\t\t<p>Bienvenid@ a la p\u00e1gina de Empleo de GOURMETLAND , un espacio para conocer las \u00faltimas ofertas de empleo y el valor que la empresa da a las personas que conforman su equipo. Un equipo repleto de talento, orientado a la excelencia y a dar lo mejor a sus clientes<\/p><p>El trabajador en GOURMETLAND es un activo muy valioso. Tenemos como objetivo disponer de una plantilla comprometida con la excelencia en el servicio, altamente motivada y alineada con la visi\u00f3n de la compa\u00f1\u00eda para lograr los objetivos del proyecto com\u00fan. Lo que hoy es GOURMETLAND es el resultado de las ideas y el esfuerzo de todos: un equipo repleto de Talento.<\/p>\t\t\t\t\t\t<\/div>\n\t\t\t\t<\/div>\n\t\t\t\t<section class=\"elementor-section elementor-inner-section elementor-element elementor-element-e090f09 elementor-section-boxed elementor-section-height-default elementor-section-height-default\" data-id=\"e090f09\" data-element_type=\"section\">\n\t\t\t\t\t\t<div class=\"elementor-container elementor-column-gap-default\">\n\t\t\t\t\t<div class=\"elementor-column elementor-col-50 elementor-inner-column elementor-element elementor-element-1dfdf77\" data-id=\"1dfdf77\" data-element_type=\"column\">\n\t\t\t<div class=\"elementor-widget-wrap elementor-element-populated\">\n\t\t\t\t\t\t\t\t<div class=\"elementor-element elementor-element-9e23fde elementor-widget elementor-widget-text-editor\" data-id=\"9e23fde\" data-element_type=\"widget\" data-widget_type=\"text-editor.default\">\n\t\t\t\t<div class=\"elementor-widget-container\">\n\t\t\t\t\t\t\t<div class=\"wpb_column vc_column_container vc_col-sm-6\"><div class=\"vc_column-inner\"><div class=\"wpb_wrapper\"><div class=\"wpb_text_column wpb_content_element \"><div class=\"wpb_wrapper\"><blockquote><p>Vous pouvez envoyer votre CV \u00e0 <a id=\"comp-k50vhtl0link\" class=\"b3link\" href=\"mailto:recursoshumanos@revyrod.es\" rel=\"noopener noreferrer\" data-content=\"info@gourmetland.net\" data-type=\"mail\"><span id=\"comp-k50vhtl0label\" class=\"b3label\">recursoshumanos@revyrod.es<\/span><\/a><\/p><\/blockquote><\/div><\/div><\/div><\/div><\/div><div class=\"wpb_column vc_column_container vc_col-sm-6\"><div class=\"vc_column-inner vc_custom_1581042357969\"><div class=\"wpb_wrapper\"><div class=\"ubtn-ctn-center uploadcv custom-ult-modal overlay-show\" data-class-id=\"content-62781ff86b0994-49381372\" data-overlay-class=\"overlay-fade\" data-keypress-control=\"keypress-control-enable\" data-overlay-control=\"overlay-control-enable\">\u00a0<\/div><\/div><\/div><\/div>\t\t\t\t\t\t<\/div>\n\t\t\t\t<\/div>\n\t\t\t\t\t<\/div>\n\t\t<\/div>\n\t\t\t\t<div class=\"elementor-column elementor-col-50 elementor-inner-column elementor-element elementor-element-3bc003b\" data-id=\"3bc003b\" data-element_type=\"column\">\n\t\t\t<div class=\"elementor-widget-wrap\">\n\t\t\t\t\t\t\t\t\t<\/div>\n\t\t<\/div>\n\t\t\t\t\t\t\t<\/div>\n\t\t<\/section>\n\t\t\t\t\t<\/div>\n\t\t<\/div>\n\t\t\t\t\t\t\t<\/div>\n\t\t<\/section>\n\t\t\t\t\t\t\t<\/div>\n\t\t","protected":false},"excerpt":{"rendered":"<p>Travailler avec nous Bienvenid@ a la p\u00e1gina de Empleo de GOURMETLAND , un espacio para conocer las \u00faltimas ofertas de empleo y el valor que la empresa da a las personas que conforman su equipo. Un equipo repleto de talento, orientado a la excelencia y a dar lo mejor a sus clientes El trabajador en [&hellip;]<\/p>\n","protected":false},"author":95866144,"featured_media":0,"parent":0,"menu_order":0,"comment_status":"closed","ping_status":"closed","template":"","meta":{"footnotes":""},"class_list":["post-3265","page","type-page","status-publish","hentry"],"better_featured_image":null,"yoast_head":"<!-- This site is optimized with the Yoast SEO Premium plugin v19.3 (Yoast SEO v22.3) - https:\/\/yoast.com\/wordpress\/plugins\/seo\/ -->\n<title>Emploi - Gourmetland Tenerife<\/title>\n<meta name=\"robots\" content=\"index, follow, max-snippet:-1, max-image-preview:large, max-video-preview:-1\" \/>\n<link rel=\"canonical\" href=\"https:\/\/gourmetlandtenerife.com\/fr\/emploi\/\" \/>\n<meta property=\"og:locale\" content=\"fr_FR\" \/>\n<meta property=\"og:type\" content=\"article\" \/>\n<meta property=\"og:title\" content=\"Emploi\" \/>\n<meta property=\"og:description\" content=\"Travailler avec nous Bienvenid@ a la p\u00e1gina de Empleo de GOURMETLAND , un espacio para conocer las \u00faltimas ofertas de empleo y el valor que la empresa da a las personas que conforman su equipo. Un equipo repleto de talento, orientado a la excelencia y a dar lo mejor a sus clientes El trabajador en [&hellip;]\" \/>\n<meta property=\"og:url\" content=\"https:\/\/gourmetlandtenerife.com\/fr\/emploi\/\" \/>\n<meta property=\"og:site_name\" content=\"Gourmetland Tenerife\" \/>\n<meta property=\"article:publisher\" content=\"https:\/\/www.facebook.com\/grupogourmetland\/\" \/>\n<meta property=\"article:modified_time\" content=\"2023-11-23T14:45:04+00:00\" \/>\n<meta name=\"twitter:card\" content=\"summary_large_image\" \/>\n<meta name=\"twitter:label1\" content=\"Dur\u00e9e de lecture estim\u00e9e\" \/>\n\t<meta name=\"twitter:data1\" content=\"1 minute\" \/>\n<script type=\"application\/ld+json\" class=\"yoast-schema-graph\">{\"@context\":\"https:\/\/schema.org\",\"@graph\":[{\"@type\":\"WebPage\",\"@id\":\"https:\/\/gourmetlandtenerife.com\/fr\/emploi\/\",\"url\":\"https:\/\/gourmetlandtenerife.com\/fr\/emploi\/\",\"name\":\"Emploi - Gourmetland Tenerife\",\"isPartOf\":{\"@id\":\"https:\/\/gourmetlandtenerife.com\/fr\/#website\"},\"datePublished\":\"2022-05-06T00:54:46+00:00\",\"dateModified\":\"2023-11-23T14:45:04+00:00\",\"breadcrumb\":{\"@id\":\"https:\/\/gourmetlandtenerife.com\/fr\/emploi\/#breadcrumb\"},\"inLanguage\":\"fr-FR\",\"potentialAction\":[{\"@type\":\"ReadAction\",\"target\":[\"https:\/\/gourmetlandtenerife.com\/fr\/emploi\/\"]}]},{\"@type\":\"BreadcrumbList\",\"@id\":\"https:\/\/gourmetlandtenerife.com\/fr\/emploi\/#breadcrumb\",\"itemListElement\":[{\"@type\":\"ListItem\",\"position\":1,\"name\":\"Home\",\"item\":\"https:\/\/gourmetlandtenerife.com\/fr\/\"},{\"@type\":\"ListItem\",\"position\":2,\"name\":\"Emploi\"}]},{\"@type\":\"WebSite\",\"@id\":\"https:\/\/gourmetlandtenerife.com\/fr\/#website\",\"url\":\"https:\/\/gourmetlandtenerife.com\/fr\/\",\"name\":\"Gourmetland Tenerife\",\"description\":\"Experiencias gastron\u00f3micas en Tenerife\",\"publisher\":{\"@id\":\"https:\/\/gourmetlandtenerife.com\/fr\/#organization\"},\"potentialAction\":[{\"@type\":\"SearchAction\",\"target\":{\"@type\":\"EntryPoint\",\"urlTemplate\":\"https:\/\/gourmetlandtenerife.com\/fr\/?s={search_term_string}\"},\"query-input\":\"required name=search_term_string\"}],\"inLanguage\":\"fr-FR\"},{\"@type\":[\"Organization\",\"Place\",\"Restaurant\"],\"@id\":\"https:\/\/gourmetlandtenerife.com\/fr\/#organization\",\"name\":\"Gourmetland Tenerife\",\"url\":\"https:\/\/gourmetlandtenerife.com\/fr\/\",\"logo\":{\"@id\":\"https:\/\/gourmetlandtenerife.com\/fr\/emploi\/#local-main-organization-logo\"},\"image\":{\"@id\":\"https:\/\/gourmetlandtenerife.com\/fr\/emploi\/#local-main-organization-logo\"},\"sameAs\":[\"https:\/\/www.facebook.com\/grupogourmetland\/\",\"https:\/\/www.instagram.com\/gourmetlandtenerife\/\"],\"telephone\":[\"+34 922 798 489\"],\"contactPoint\":{\"@type\":\"ContactPoint\",\"telephone\":\"+34 922 798 489\",\"email\":\"marketing@gourmetlandtenerife.com\"},\"openingHoursSpecification\":[{\"@type\":\"OpeningHoursSpecification\",\"dayOfWeek\":[\"Monday\",\"Tuesday\",\"Wednesday\",\"Thursday\",\"Friday\",\"Saturday\",\"Sunday\"],\"opens\":\"09:00\",\"closes\":\"17:00\"}],\"email\":\"marketing@gourmetlandtenerife.com\",\"areaServed\":\"Tenerife\"},{\"@type\":\"ImageObject\",\"inLanguage\":\"fr-FR\",\"@id\":\"https:\/\/gourmetlandtenerife.com\/fr\/emploi\/#local-main-organization-logo\",\"url\":\"https:\/\/gourmetlandtenerife.com\/wp-content\/uploads\/2022\/05\/Logo-gourmetland-redondo-fondo-blanco-2.png\",\"contentUrl\":\"https:\/\/gourmetlandtenerife.com\/wp-content\/uploads\/2022\/05\/Logo-gourmetland-redondo-fondo-blanco-2.png\",\"width\":3079,\"height\":3079,\"caption\":\"Gourmetland Tenerife\"}]}<\/script>\n<meta name=\"geo.placename\" content=\"Santa Cruz de Tenerife\" \/>\n<meta name=\"geo.region\" content=\"Espagne\" \/>\n<!-- \/ Yoast SEO Premium plugin. -->","yoast_head_json":{"title":"Emploi - Gourmetland Tenerife","robots":{"index":"index","follow":"follow","max-snippet":"max-snippet:-1","max-image-preview":"max-image-preview:large","max-video-preview":"max-video-preview:-1"},"canonical":"https:\/\/gourmetlandtenerife.com\/fr\/emploi\/","og_locale":"fr_FR","og_type":"article","og_title":"Emploi","og_description":"Travailler avec nous Bienvenid@ a la p\u00e1gina de Empleo de GOURMETLAND , un espacio para conocer las \u00faltimas ofertas de empleo y el valor que la empresa da a las personas que conforman su equipo. Un equipo repleto de talento, orientado a la excelencia y a dar lo mejor a sus clientes El trabajador en [&hellip;]","og_url":"https:\/\/gourmetlandtenerife.com\/fr\/emploi\/","og_site_name":"Gourmetland Tenerife","article_publisher":"https:\/\/www.facebook.com\/grupogourmetland\/","article_modified_time":"2023-11-23T14:45:04+00:00","twitter_card":"summary_large_image","twitter_misc":{"Dur\u00e9e de lecture estim\u00e9e":"1 minute"},"schema":{"@context":"https:\/\/schema.org","@graph":[{"@type":"WebPage","@id":"https:\/\/gourmetlandtenerife.com\/fr\/emploi\/","url":"https:\/\/gourmetlandtenerife.com\/fr\/emploi\/","name":"Emploi - Gourmetland Tenerife","isPartOf":{"@id":"https:\/\/gourmetlandtenerife.com\/fr\/#website"},"datePublished":"2022-05-06T00:54:46+00:00","dateModified":"2023-11-23T14:45:04+00:00","breadcrumb":{"@id":"https:\/\/gourmetlandtenerife.com\/fr\/emploi\/#breadcrumb"},"inLanguage":"fr-FR","potentialAction":[{"@type":"ReadAction","target":["https:\/\/gourmetlandtenerife.com\/fr\/emploi\/"]}]},{"@type":"BreadcrumbList","@id":"https:\/\/gourmetlandtenerife.com\/fr\/emploi\/#breadcrumb","itemListElement":[{"@type":"ListItem","position":1,"name":"Home","item":"https:\/\/gourmetlandtenerife.com\/fr\/"},{"@type":"ListItem","position":2,"name":"Emploi"}]},{"@type":"WebSite","@id":"https:\/\/gourmetlandtenerife.com\/fr\/#website","url":"https:\/\/gourmetlandtenerife.com\/fr\/","name":"Gourmetland Tenerife","description":"Experiencias gastron\u00f3micas en Tenerife","publisher":{"@id":"https:\/\/gourmetlandtenerife.com\/fr\/#organization"},"potentialAction":[{"@type":"SearchAction","target":{"@type":"EntryPoint","urlTemplate":"https:\/\/gourmetlandtenerife.com\/fr\/?s={search_term_string}"},"query-input":"required name=search_term_string"}],"inLanguage":"fr-FR"},{"@type":["Organization","Place","Restaurant"],"@id":"https:\/\/gourmetlandtenerife.com\/fr\/#organization","name":"Gourmetland Tenerife","url":"https:\/\/gourmetlandtenerife.com\/fr\/","logo":{"@id":"https:\/\/gourmetlandtenerife.com\/fr\/emploi\/#local-main-organization-logo"},"image":{"@id":"https:\/\/gourmetlandtenerife.com\/fr\/emploi\/#local-main-organization-logo"},"sameAs":["https:\/\/www.facebook.com\/grupogourmetland\/","https:\/\/www.instagram.com\/gourmetlandtenerife\/"],"telephone":["+34 922 798 489"],"contactPoint":{"@type":"ContactPoint","telephone":"+34 922 798 489","email":"marketing@gourmetlandtenerife.com"},"openingHoursSpecification":[{"@type":"OpeningHoursSpecification","dayOfWeek":["Monday","Tuesday","Wednesday","Thursday","Friday","Saturday","Sunday"],"opens":"09:00","closes":"17:00"}],"email":"marketing@gourmetlandtenerife.com","areaServed":"Tenerife"},{"@type":"ImageObject","inLanguage":"fr-FR","@id":"https:\/\/gourmetlandtenerife.com\/fr\/emploi\/#local-main-organization-logo","url":"https:\/\/gourmetlandtenerife.com\/wp-content\/uploads\/2022\/05\/Logo-gourmetland-redondo-fondo-blanco-2.png","contentUrl":"https:\/\/gourmetlandtenerife.com\/wp-content\/uploads\/2022\/05\/Logo-gourmetland-redondo-fondo-blanco-2.png","width":3079,"height":3079,"caption":"Gourmetland Tenerife"}]},"geo.placename":"Santa Cruz de Tenerife","geo.region":"Espagne"},"pure_taxonomies":[],"_links":{"self":[{"href":"https:\/\/gourmetlandtenerife.com\/fr\/wp-json\/wp\/v2\/pages\/3265","targetHints":{"allow":["GET"]}}],"collection":[{"href":"https:\/\/gourmetlandtenerife.com\/fr\/wp-json\/wp\/v2\/pages"}],"about":[{"href":"https:\/\/gourmetlandtenerife.com\/fr\/wp-json\/wp\/v2\/types\/page"}],"author":[{"embeddable":true,"href":"https:\/\/gourmetlandtenerife.com\/fr\/wp-json\/wp\/v2\/users\/95866144"}],"replies":[{"embeddable":true,"href":"https:\/\/gourmetlandtenerife.com\/fr\/wp-json\/wp\/v2\/comments?post=3265"}],"version-history":[{"count":0,"href":"https:\/\/gourmetlandtenerife.com\/fr\/wp-json\/wp\/v2\/pages\/3265\/revisions"}],"wp:attachment":[{"href":"https:\/\/gourmetlandtenerife.com\/fr\/wp-json\/wp\/v2\/media?parent=3265"}],"curies":[{"name":"wp","href":"https:\/\/api.w.org\/{rel}","templated":true}]}}