{"id":3301,"date":"2023-02-07T11:37:57","date_gmt":"2023-02-07T10:37:57","guid":{"rendered":"https:\/\/gourmetlandtenerife.com\/?page_id=3301"},"modified":"2023-11-23T16:35:22","modified_gmt":"2023-11-23T15:35:22","slug":"sitemap","status":"publish","type":"page","link":"https:\/\/gourmetlandtenerife.com\/fr\/sitemap\/","title":{"rendered":"Sitemap"},"content":{"rendered":"<table width=\"100%\">\n<tbody>\n<tr>\n<td><div class=\"wsp-container\"><h2 class=\"wsp-listings-title\">Listings<\/h2>\n<ul class=\"wsp-listings-list\">\n<li><a href=\"https:\/\/gourmetlandtenerife.com\/fr\/restaurante\/teppanyaki\/\">Teppanyaki<\/a><\/li>\n<li><a href=\"https:\/\/gourmetlandtenerife.com\/fr\/restaurante\/marietta-tenerife\/\">Marietta Tenerife<\/a><\/li>\n<li><a href=\"https:\/\/gourmetlandtenerife.com\/fr\/restaurante\/prime-steak-house\/\">Prime Steak House<\/a><\/li>\n<li><a href=\"https:\/\/gourmetlandtenerife.com\/fr\/restaurante\/thai-secret\/\">Thai Secret<\/a><\/li>\n<li><a href=\"https:\/\/gourmetlandtenerife.com\/fr\/restaurante\/costa-caleta\/\">Costa Caleta<\/a><\/li>\n<li><a href=\"https:\/\/gourmetlandtenerife.com\/fr\/restaurante\/hacienda-miranda\/\">Hacienda Miranda<\/a><\/li>\n<li><a href=\"https:\/\/gourmetlandtenerife.com\/fr\/restaurante\/yum-yum-thai-cuisine\/\">Yum Yum Thai Cuisine<\/a><\/li>\n<li><a href=\"https:\/\/gourmetlandtenerife.com\/fr\/restaurante\/prime-400o\/\">Prime 400\u00ba<\/a><\/li>\n<li><a href=\"https:\/\/gourmetlandtenerife.com\/fr\/restaurante\/altamira-chillout\/\">Altamira Chillout<\/a><\/li>\n<li><a href=\"https:\/\/gourmetlandtenerife.com\/fr\/restaurante\/bombay-blue-indian-tandoori\/\">Bombay Blue Indian Tandoori<\/a><\/li>\n<li><a href=\"https:\/\/gourmetlandtenerife.com\/fr\/restaurante\/trattoria-roma\/\">Trattoria Roma<\/a><\/li>\n<li><a href=\"https:\/\/gourmetlandtenerife.com\/fr\/restaurante\/melroses\/\">Melrose's<\/a><\/li>\n<li><a href=\"https:\/\/gourmetlandtenerife.com\/fr\/restaurante\/taurus-las-americas\/\">Taurus Las Am\u00e9ricas<\/a><\/li>\n<li><a href=\"https:\/\/gourmetlandtenerife.com\/fr\/restaurante\/taurus\/\">Taurus<\/a><\/li>\n<li><a href=\"https:\/\/gourmetlandtenerife.com\/fr\/restaurante\/la-martina\/\">La Martina<\/a><\/li>\n<li><a href=\"https:\/\/gourmetlandtenerife.com\/fr\/restaurante\/la-brasserie\/\">La Brasserie<\/a><\/li>\n<li><a href=\"https:\/\/gourmetlandtenerife.com\/fr\/restaurante\/asador-la-camella\/\">Asador La Camella<\/a><\/li>\n<li><a href=\"https:\/\/gourmetlandtenerife.com\/fr\/restaurante\/mamma-mia\/\">Mamma Mia<\/a><\/li>\n<li><a href=\"https:\/\/gourmetlandtenerife.com\/fr\/restaurante\/abrasamex\/\">Abrasamex<\/a><\/li>\n<li><a href=\"https:\/\/gourmetlandtenerife.com\/fr\/restaurante\/the-brasserie\/\">The Brasserie<\/a><\/li>\n<li><a href=\"https:\/\/gourmetlandtenerife.com\/fr\/restaurante\/mirandamx\/\">Miranda MX<\/a><\/li>\n<\/ul>\n<\/div> <div class=\"wsp-container\"><h2 class=\"wsp-posts-title\">Articles par cat\u00e9gorie<\/h2>\n<ul class=\"wsp-posts-list\">\n\t<li><strong class=\"wsp-category-title\">Cat\u00e9gorie\u00a0: <a href=\"https:\/\/gourmetlandtenerife.com\/fr\/c\/restaurants-fr\/\">Restaurants<\/a><\/strong>\n<ul class=\"wsp-posts-list\">\t\t<li class=\"wsp-post\"><a href=\"https:\/\/gourmetlandtenerife.com\/fr\/ou-manger-pour-la-fete-des-meres-a-tenerife-les-meilleurs-restaurants\/\">O\u00f9 manger pour la f\u00eate des M\u00e8res \u00e0 Tenerife : les meilleurs restaurants<\/a><\/li>\n\t\t<li class=\"wsp-post\"><a href=\"https:\/\/gourmetlandtenerife.com\/fr\/choisissez-votre-diner-romantique-a-tenerife-pour-la-saint-valentin\/\">Choisissez votre d\u00eener romantique \u00e0 Tenerife pour la Saint-Valentin<\/a><\/li>\n\t\t<li class=\"wsp-post\"><a href=\"https:\/\/gourmetlandtenerife.com\/fr\/diners-de-noel-uniques-a-tenerife-avec-gourmetland\/\">D\u00eeners de No\u00ebl uniques \u00e0 Tenerife avec Gourmetland<\/a><\/li>\n\t\t<li class=\"wsp-post\"><a href=\"https:\/\/gourmetlandtenerife.com\/fr\/the-golden-clover-le-pub-irlandais-branche-du-sud-de-tenerife\/\">The Golden Clover, le pub irlandais branch\u00e9 du sud de T\u00e9n\u00e9rife<\/a><\/li>\n\t\t<li class=\"wsp-post\"><a href=\"https:\/\/gourmetlandtenerife.com\/fr\/decouvrez-ou-manger-a-tenerife-sud\/\">D\u00e9couvrez o\u00f9 manger \u00e0 Tenerife Sud<\/a><\/li>\n\t\t<li class=\"wsp-post\"><a href=\"https:\/\/gourmetlandtenerife.com\/fr\/grillades-a-tenerife-decouvrez-les-meilleurs-avec-gourmetland\/\">Grillades \u00e0 Tenerife, d\u00e9couvrez les meilleurs avec Gourmetland<\/a><\/li>\n\t\t<li class=\"wsp-post\"><a href=\"https:\/\/gourmetlandtenerife.com\/fr\/celebrez-noel-a-gourmetland-les-meilleurs-restaurants-de-tenerife\/\">C\u00e9l\u00e9brez No\u00ebl \u00e0 Gourmetland, les meilleurs restaurants de Tenerife<\/a><\/li>\n\t\t<li class=\"wsp-post\"><a href=\"https:\/\/gourmetlandtenerife.com\/fr\/celebrez-halloween-avec-un-diner-inoubliable-a-gourmetland\/\">C\u00e9l\u00e9brez Halloween avec un d\u00eener inoubliable \u00e0 Gourmetland<\/a><\/li>\n\t\t<li class=\"wsp-post\"><a href=\"https:\/\/gourmetlandtenerife.com\/fr\/les-meilleurs-restaurants-de-steaks-a-tenerife\/\">Les meilleurs restaurants de steaks \u00e0 Tenerife<\/a><\/li>\n\t\t<li class=\"wsp-post\"><a href=\"https:\/\/gourmetlandtenerife.com\/fr\/profitez-de-la-journee-des-canaries-avec-g\/\">Profitez de la Journ\u00e9e des Canaries avec G<\/a><\/li>\n\t\t<li class=\"wsp-post\"><a href=\"https:\/\/gourmetlandtenerife.com\/fr\/experiences-gastronomiques-pour-la-fete-des-meres-a-tenerife\/\">Exp\u00e9riences gastronomiques pour la f\u00eate des m\u00e8res \u00e0 Tenerife<\/a><\/li>\n\t\t<li class=\"wsp-post\"><a href=\"https:\/\/gourmetlandtenerife.com\/fr\/celebrez-la-fete-des-peres-a-gourmetland\/\">C\u00e9l\u00e9brez la f\u00eate des p\u00e8res \u00e0 Gourmetland<\/a><\/li>\n\t\t<li class=\"wsp-post\"><a href=\"https:\/\/gourmetlandtenerife.com\/fr\/gastronomie-canarienne\/\">Gastronomie canarienne<\/a><\/li>\n\t\t<li class=\"wsp-post\"><a href=\"https:\/\/gourmetlandtenerife.com\/fr\/steakhouse-argentin\/\">Steakhouse argentin<\/a><\/li>\n\t\t<li class=\"wsp-post\"><a href=\"https:\/\/gourmetlandtenerife.com\/fr\/envie-de-viande-grillee\/\">Envie de viande grill\u00e9e ?<\/a><\/li>\n\t\t<li class=\"wsp-post\"><a href=\"https:\/\/gourmetlandtenerife.com\/fr\/puro-mexico-avec-armando-saldanha\/\">PURO MEXICO avec Armando Saldanha<\/a><\/li>\n\t<li><strong class=\"wsp-category-title\">Cat\u00e9gorie\u00a0: <a href=\"https:\/\/gourmetlandtenerife.com\/fr\/c\/restaurants-fr\/cuisine-indienne\/\">Cuisine indienne<\/a><\/strong>\n<ul class=\"wsp-posts-list\">\t\t<li class=\"wsp-post\"><a href=\"https:\/\/gourmetlandtenerife.com\/fr\/restaurant-indien-a-tenerife-la-veritable-cuisine-indienne-chez-gourmetland-tenerife\/\">Restaurant indien \u00e0 Tenerife : la v\u00e9ritable cuisine indienne chez Gourmetland Tenerife<\/a><\/li>\n\t\t<li class=\"wsp-post\"><a href=\"https:\/\/gourmetlandtenerife.com\/fr\/ou-manger-le-jour-de-la-fete-des-meres-a-tenerife-top-restaurants\/\">O\u00f9 manger le jour de la f\u00eate des m\u00e8res \u00e0 Tenerife : Top restaurants<\/a><\/li>\n\t\t<li class=\"wsp-post\"><a href=\"https:\/\/gourmetlandtenerife.com\/fr\/celebrez-la-saint-valentin-dans-les-restaurants-de-gourmetland\/\">C\u00e9l\u00e9brez la Saint-Valentin dans les restaurants de Gourmetland<\/a><\/li>\n\t\t<li class=\"wsp-post\"><a href=\"https:\/\/gourmetlandtenerife.com\/fr\/cuisine-indienne-a-tenerife\/\">Cuisine indienne \u00e0 Tenerife<\/a><\/li>\n<\/ul><\/li>\n\t<li><strong class=\"wsp-category-title\">Cat\u00e9gorie\u00a0: <a href=\"https:\/\/gourmetlandtenerife.com\/fr\/c\/restaurants-fr\/cuisine-mediterraneenne\/\">Cuisine m\u00e9diterran\u00e9enne<\/a><\/strong>\n<ul class=\"wsp-posts-list\">\t\t<li class=\"wsp-post\"><a href=\"https:\/\/gourmetlandtenerife.com\/fr\/savourez-les-saveurs-de-la-mediterranee\/\">Savourez les saveurs de la M\u00e9diterran\u00e9e<\/a><\/li>\n\t\t<li class=\"wsp-post\"><a href=\"https:\/\/gourmetlandtenerife.com\/fr\/cuisine-mediterraneenne\/\">Cuisine m\u00e9diterran\u00e9enne<\/a><\/li>\n<\/ul><\/li>\n\t<li><strong class=\"wsp-category-title\">Cat\u00e9gorie\u00a0: <a href=\"https:\/\/gourmetlandtenerife.com\/fr\/c\/restaurants-fr\/cuisine-mexicaine\/\">Cuisine mexicaine<\/a><\/strong>\n<ul class=\"wsp-posts-list\">\t\t<li class=\"wsp-post\"><a href=\"https:\/\/gourmetlandtenerife.com\/fr\/restaurant-a-tenerife-sud-vivez-lexperience-gourmetland\/\">Restaurant \u00e0 Tenerife Sud : vivez l&rsquo;exp\u00e9rience Gourmetland<\/a><\/li>\n\t\t<li class=\"wsp-post\"><a href=\"https:\/\/gourmetlandtenerife.com\/fr\/decouvrez-la-richesse-de-la-gastronomie-mexicaine-saveurs-plats-et-traditions\/\">D\u00e9couvrez la richesse de la gastronomie mexicaine : saveurs, plats et traditions.<\/a><\/li>\n\t\t<li class=\"wsp-post\"><a href=\"https:\/\/gourmetlandtenerife.com\/fr\/decouvrez-les-saveurs-authentiques-de-la-cuisine-mexicaine\/\">D\u00e9couvrez les Saveurs Authentiques de la Cuisine Mexicaine<\/a><\/li>\n<\/ul><\/li>\n\t<li><strong class=\"wsp-category-title\">Cat\u00e9gorie\u00a0: <a href=\"https:\/\/gourmetlandtenerife.com\/fr\/c\/restaurants-fr\/cuisine-thailandaise\/\">Cuisine tha\u00eflandaise<\/a><\/strong>\n<ul class=\"wsp-posts-list\">\t\t<li class=\"wsp-post\"><a href=\"https:\/\/gourmetlandtenerife.com\/fr\/ou-manger-les-meilleurs-sushis-a-tenerife\/\">O\u00f9 manger les meilleurs sushis \u00e0 Tenerife ?<\/a><\/li>\n\t\t<li class=\"wsp-post\"><a href=\"https:\/\/gourmetlandtenerife.com\/fr\/si-vous-navez-rien-prevu-pour-le-repas-de-la-fete-des-peres-faites-la-fete-a-gourmetland-tenerife\/\">Si vous n&rsquo;avez rien pr\u00e9vu pour le repas de la f\u00eate des p\u00e8res, faites la f\u00eate \u00e0 Gourmetland Tenerife !<\/a><\/li>\n\t\t<li class=\"wsp-post\"><a href=\"https:\/\/gourmetlandtenerife.com\/fr\/la-cuisine-thailandaise-a-tenerife\/\">La cuisine tha\u00eflandaise \u00e0 Tenerife<\/a><\/li>\n\t\t<li class=\"wsp-post\"><a href=\"https:\/\/gourmetlandtenerife.com\/fr\/explorer-la-richesse-des-ingredients-sains-dans-la-cuisine-thailandaise\/\">Explorer la richesse des ingr\u00e9dients sains dans la cuisine tha\u00eflandaise<\/a><\/li>\n\t\t<li class=\"wsp-post\"><a href=\"https:\/\/gourmetlandtenerife.com\/fr\/decouvrez-lexquise-cuisine-thailandaise-saveurs-plats-et-secrets\/\">D\u00e9couvrez l&rsquo;exquise cuisine tha\u00eflandaise : saveurs, plats et secrets<\/a><\/li>\n\t\t<li class=\"wsp-post\"><a href=\"https:\/\/gourmetlandtenerife.com\/fr\/cuisine-thailandaise-a-tenerife\/\">Cuisine tha\u00eflandaise \u00e0 Tenerife<\/a><\/li>\n\t\t<li class=\"wsp-post\"><a href=\"https:\/\/gourmetlandtenerife.com\/fr\/cuisine-thailandaise-a-tenerife-sud\/\">Cuisine tha\u00eflandaise \u00e0 Tenerife Sud<\/a><\/li>\n<\/ul><\/li>\n\t<li><strong class=\"wsp-category-title\">Cat\u00e9gorie\u00a0: <a href=\"https:\/\/gourmetlandtenerife.com\/fr\/c\/restaurants-fr\/ragout-italien\/\">Rago\u00fbt italien<\/a><\/strong>\n<ul class=\"wsp-posts-list\">\t\t<li class=\"wsp-post\"><a href=\"https:\/\/gourmetlandtenerife.com\/fr\/les-5-meilleurs-restaurants-italiens-de-tenerife-a-ne-pas-manquer\/\">Les 5 meilleurs restaurants italiens de Tenerife \u00e0 ne pas manquer<\/a><\/li>\n\t\t<li class=\"wsp-post\"><a href=\"https:\/\/gourmetlandtenerife.com\/fr\/decouvrez-les-meilleurs-restaurants-italiens-de-tenerife\/\">D\u00e9couvrez les meilleurs restaurants italiens de Tenerife<\/a><\/li>\n\t\t<li class=\"wsp-post\"><a href=\"https:\/\/gourmetlandtenerife.com\/fr\/decouvrez-lauthenticite-de-la-cuisine-italienne-a-tenerife\/\">D\u00e9couvrez l&rsquo;authenticit\u00e9 de la cuisine italienne \u00e0 Tenerife<\/a><\/li>\n\t\t<li class=\"wsp-post\"><a href=\"https:\/\/gourmetlandtenerife.com\/fr\/pizza-histoire-et-curiosites\/\">Pizza : histoire et curiosit\u00e9s<\/a><\/li>\n\t\t<li class=\"wsp-post\"><a href=\"https:\/\/gourmetlandtenerife.com\/fr\/decouvrez-lexquise-cuisine-italienne-saveurs-recettes-et-mysteres\/\">D\u00e9couvrez l&rsquo;exquise cuisine italienne : saveurs, recettes et myst\u00e8res<\/a><\/li>\n\t\t<li class=\"wsp-post\"><a href=\"https:\/\/gourmetlandtenerife.com\/fr\/decouvrir-les-caracteristiques-uniques-de-la-cuisine-italienne\/\">D\u00e9couvrir les caract\u00e9ristiques uniques de la cuisine italienne<\/a><\/li>\n<\/ul><\/li>\n\t<li><strong class=\"wsp-category-title\">Cat\u00e9gorie\u00a0: <a href=\"https:\/\/gourmetlandtenerife.com\/fr\/c\/restaurants-fr\/viande-grillee\/\">Viande grill\u00e9e<\/a><\/strong>\n<ul class=\"wsp-posts-list\">\t\t<li class=\"wsp-post\"><a href=\"https:\/\/gourmetlandtenerife.com\/fr\/decouvrez-lart-de-griller-la-viande-a-la-perfection\/\">D\u00e9couvrez l&rsquo;Art de Griller la Viande \u00e0 la Perfection<\/a><\/li>\n<\/ul><\/li>\n<\/ul><\/li>\n<\/ul>\n<\/div><\/td>\n<\/tr>\n<\/tbody>\n<\/table>\n","protected":false},"excerpt":{"rendered":"","protected":false},"author":95866144,"featured_media":0,"parent":0,"menu_order":0,"comment_status":"closed","ping_status":"closed","template":"","meta":{"footnotes":""},"class_list":["post-3301","page","type-page","status-publish","hentry"],"better_featured_image":null,"yoast_head":"<!-- This site is optimized with the Yoast SEO Premium plugin v19.3 (Yoast SEO v22.3) - https:\/\/yoast.com\/wordpress\/plugins\/seo\/ -->\n<title>Sitemap - Gourmetland Tenerife<\/title>\n<meta name=\"robots\" content=\"index, follow, max-snippet:-1, max-image-preview:large, max-video-preview:-1\" \/>\n<link rel=\"canonical\" href=\"https:\/\/gourmetlandtenerife.com\/fr\/sitemap\/\" \/>\n<meta property=\"og:locale\" content=\"fr_FR\" \/>\n<meta property=\"og:type\" content=\"article\" \/>\n<meta property=\"og:title\" content=\"Sitemap\" \/>\n<meta property=\"og:url\" content=\"https:\/\/gourmetlandtenerife.com\/fr\/sitemap\/\" \/>\n<meta property=\"og:site_name\" content=\"Gourmetland Tenerife\" \/>\n<meta property=\"article:publisher\" content=\"https:\/\/www.facebook.com\/grupogourmetland\/\" \/>\n<meta property=\"article:modified_time\" content=\"2023-11-23T15:35:22+00:00\" \/>\n<meta name=\"twitter:card\" content=\"summary_large_image\" \/>\n<script type=\"application\/ld+json\" class=\"yoast-schema-graph\">{\"@context\":\"https:\/\/schema.org\",\"@graph\":[{\"@type\":\"WebPage\",\"@id\":\"https:\/\/gourmetlandtenerife.com\/fr\/sitemap\/\",\"url\":\"https:\/\/gourmetlandtenerife.com\/fr\/sitemap\/\",\"name\":\"Sitemap - Gourmetland Tenerife\",\"isPartOf\":{\"@id\":\"https:\/\/gourmetlandtenerife.com\/fr\/#website\"},\"datePublished\":\"2023-02-07T10:37:57+00:00\",\"dateModified\":\"2023-11-23T15:35:22+00:00\",\"breadcrumb\":{\"@id\":\"https:\/\/gourmetlandtenerife.com\/fr\/sitemap\/#breadcrumb\"},\"inLanguage\":\"fr-FR\",\"potentialAction\":[{\"@type\":\"ReadAction\",\"target\":[\"https:\/\/gourmetlandtenerife.com\/fr\/sitemap\/\"]}]},{\"@type\":\"BreadcrumbList\",\"@id\":\"https:\/\/gourmetlandtenerife.com\/fr\/sitemap\/#breadcrumb\",\"itemListElement\":[{\"@type\":\"ListItem\",\"position\":1,\"name\":\"Home\",\"item\":\"https:\/\/gourmetlandtenerife.com\/fr\/\"},{\"@type\":\"ListItem\",\"position\":2,\"name\":\"Sitemap\"}]},{\"@type\":\"WebSite\",\"@id\":\"https:\/\/gourmetlandtenerife.com\/fr\/#website\",\"url\":\"https:\/\/gourmetlandtenerife.com\/fr\/\",\"name\":\"Gourmetland Tenerife\",\"description\":\"Experiencias gastron\u00f3micas en Tenerife\",\"publisher\":{\"@id\":\"https:\/\/gourmetlandtenerife.com\/fr\/#organization\"},\"potentialAction\":[{\"@type\":\"SearchAction\",\"target\":{\"@type\":\"EntryPoint\",\"urlTemplate\":\"https:\/\/gourmetlandtenerife.com\/fr\/?s={search_term_string}\"},\"query-input\":\"required name=search_term_string\"}],\"inLanguage\":\"fr-FR\"},{\"@type\":[\"Organization\",\"Place\",\"Restaurant\"],\"@id\":\"https:\/\/gourmetlandtenerife.com\/fr\/#organization\",\"name\":\"Gourmetland Tenerife\",\"url\":\"https:\/\/gourmetlandtenerife.com\/fr\/\",\"logo\":{\"@id\":\"https:\/\/gourmetlandtenerife.com\/fr\/sitemap\/#local-main-organization-logo\"},\"image\":{\"@id\":\"https:\/\/gourmetlandtenerife.com\/fr\/sitemap\/#local-main-organization-logo\"},\"sameAs\":[\"https:\/\/www.facebook.com\/grupogourmetland\/\",\"https:\/\/www.instagram.com\/gourmetlandtenerife\/\"],\"telephone\":[\"+34 922 798 489\"],\"contactPoint\":{\"@type\":\"ContactPoint\",\"telephone\":\"+34 922 798 489\",\"email\":\"marketing@gourmetlandtenerife.com\"},\"openingHoursSpecification\":[{\"@type\":\"OpeningHoursSpecification\",\"dayOfWeek\":[\"Monday\",\"Tuesday\",\"Wednesday\",\"Thursday\",\"Friday\",\"Saturday\",\"Sunday\"],\"opens\":\"09:00\",\"closes\":\"17:00\"}],\"email\":\"marketing@gourmetlandtenerife.com\",\"areaServed\":\"Tenerife\"},{\"@type\":\"ImageObject\",\"inLanguage\":\"fr-FR\",\"@id\":\"https:\/\/gourmetlandtenerife.com\/fr\/sitemap\/#local-main-organization-logo\",\"url\":\"https:\/\/gourmetlandtenerife.com\/wp-content\/uploads\/2022\/05\/Logo-gourmetland-redondo-fondo-blanco-2.png\",\"contentUrl\":\"https:\/\/gourmetlandtenerife.com\/wp-content\/uploads\/2022\/05\/Logo-gourmetland-redondo-fondo-blanco-2.png\",\"width\":3079,\"height\":3079,\"caption\":\"Gourmetland Tenerife\"}]}<\/script>\n<meta name=\"geo.placename\" content=\"Santa Cruz de Tenerife\" \/>\n<meta name=\"geo.region\" content=\"Espagne\" \/>\n<!-- \/ Yoast SEO Premium plugin. -->","yoast_head_json":{"title":"Sitemap - Gourmetland Tenerife","robots":{"index":"index","follow":"follow","max-snippet":"max-snippet:-1","max-image-preview":"max-image-preview:large","max-video-preview":"max-video-preview:-1"},"canonical":"https:\/\/gourmetlandtenerife.com\/fr\/sitemap\/","og_locale":"fr_FR","og_type":"article","og_title":"Sitemap","og_url":"https:\/\/gourmetlandtenerife.com\/fr\/sitemap\/","og_site_name":"Gourmetland Tenerife","article_publisher":"https:\/\/www.facebook.com\/grupogourmetland\/","article_modified_time":"2023-11-23T15:35:22+00:00","twitter_card":"summary_large_image","schema":{"@context":"https:\/\/schema.org","@graph":[{"@type":"WebPage","@id":"https:\/\/gourmetlandtenerife.com\/fr\/sitemap\/","url":"https:\/\/gourmetlandtenerife.com\/fr\/sitemap\/","name":"Sitemap - Gourmetland Tenerife","isPartOf":{"@id":"https:\/\/gourmetlandtenerife.com\/fr\/#website"},"datePublished":"2023-02-07T10:37:57+00:00","dateModified":"2023-11-23T15:35:22+00:00","breadcrumb":{"@id":"https:\/\/gourmetlandtenerife.com\/fr\/sitemap\/#breadcrumb"},"inLanguage":"fr-FR","potentialAction":[{"@type":"ReadAction","target":["https:\/\/gourmetlandtenerife.com\/fr\/sitemap\/"]}]},{"@type":"BreadcrumbList","@id":"https:\/\/gourmetlandtenerife.com\/fr\/sitemap\/#breadcrumb","itemListElement":[{"@type":"ListItem","position":1,"name":"Home","item":"https:\/\/gourmetlandtenerife.com\/fr\/"},{"@type":"ListItem","position":2,"name":"Sitemap"}]},{"@type":"WebSite","@id":"https:\/\/gourmetlandtenerife.com\/fr\/#website","url":"https:\/\/gourmetlandtenerife.com\/fr\/","name":"Gourmetland Tenerife","description":"Experiencias gastron\u00f3micas en Tenerife","publisher":{"@id":"https:\/\/gourmetlandtenerife.com\/fr\/#organization"},"potentialAction":[{"@type":"SearchAction","target":{"@type":"EntryPoint","urlTemplate":"https:\/\/gourmetlandtenerife.com\/fr\/?s={search_term_string}"},"query-input":"required name=search_term_string"}],"inLanguage":"fr-FR"},{"@type":["Organization","Place","Restaurant"],"@id":"https:\/\/gourmetlandtenerife.com\/fr\/#organization","name":"Gourmetland Tenerife","url":"https:\/\/gourmetlandtenerife.com\/fr\/","logo":{"@id":"https:\/\/gourmetlandtenerife.com\/fr\/sitemap\/#local-main-organization-logo"},"image":{"@id":"https:\/\/gourmetlandtenerife.com\/fr\/sitemap\/#local-main-organization-logo"},"sameAs":["https:\/\/www.facebook.com\/grupogourmetland\/","https:\/\/www.instagram.com\/gourmetlandtenerife\/"],"telephone":["+34 922 798 489"],"contactPoint":{"@type":"ContactPoint","telephone":"+34 922 798 489","email":"marketing@gourmetlandtenerife.com"},"openingHoursSpecification":[{"@type":"OpeningHoursSpecification","dayOfWeek":["Monday","Tuesday","Wednesday","Thursday","Friday","Saturday","Sunday"],"opens":"09:00","closes":"17:00"}],"email":"marketing@gourmetlandtenerife.com","areaServed":"Tenerife"},{"@type":"ImageObject","inLanguage":"fr-FR","@id":"https:\/\/gourmetlandtenerife.com\/fr\/sitemap\/#local-main-organization-logo","url":"https:\/\/gourmetlandtenerife.com\/wp-content\/uploads\/2022\/05\/Logo-gourmetland-redondo-fondo-blanco-2.png","contentUrl":"https:\/\/gourmetlandtenerife.com\/wp-content\/uploads\/2022\/05\/Logo-gourmetland-redondo-fondo-blanco-2.png","width":3079,"height":3079,"caption":"Gourmetland Tenerife"}]},"geo.placename":"Santa Cruz de Tenerife","geo.region":"Espagne"},"pure_taxonomies":[],"_links":{"self":[{"href":"https:\/\/gourmetlandtenerife.com\/fr\/wp-json\/wp\/v2\/pages\/3301","targetHints":{"allow":["GET"]}}],"collection":[{"href":"https:\/\/gourmetlandtenerife.com\/fr\/wp-json\/wp\/v2\/pages"}],"about":[{"href":"https:\/\/gourmetlandtenerife.com\/fr\/wp-json\/wp\/v2\/types\/page"}],"author":[{"embeddable":true,"href":"https:\/\/gourmetlandtenerife.com\/fr\/wp-json\/wp\/v2\/users\/95866144"}],"replies":[{"embeddable":true,"href":"https:\/\/gourmetlandtenerife.com\/fr\/wp-json\/wp\/v2\/comments?post=3301"}],"version-history":[{"count":0,"href":"https:\/\/gourmetlandtenerife.com\/fr\/wp-json\/wp\/v2\/pages\/3301\/revisions"}],"wp:attachment":[{"href":"https:\/\/gourmetlandtenerife.com\/fr\/wp-json\/wp\/v2\/media?parent=3301"}],"curies":[{"name":"wp","href":"https:\/\/api.w.org\/{rel}","templated":true}]}}